{"id":226,"date":"2024-02-21T17:41:11","date_gmt":"2024-02-21T16:41:11","guid":{"rendered":"https:\/\/www.hitech-ds.com\/?page_id=226"},"modified":"2026-03-19T14:39:00","modified_gmt":"2026-03-19T13:39:00","slug":"conditions-dutilisation","status":"publish","type":"page","link":"https:\/\/www.hitech-ds.com\/index.php\/conditions-dutilisation\/","title":{"rendered":"Conditions d\u2019utilisation"},"content":{"rendered":"\t\t<div data-elementor-type=\"wp-page\" data-elementor-id=\"226\" class=\"elementor elementor-226\">\n\t\t\t\t<div class=\"elementor-element elementor-element-b065f55 e-flex e-con-boxed e-con e-parent\" data-id=\"b065f55\" data-element_type=\"container\" data-e-type=\"container\">\n\t\t\t\t\t<div class=\"e-con-inner\">\n\t\t\t\t<div class=\"elementor-element elementor-element-2ac8434 elementor-widget elementor-widget-text-editor\" data-id=\"2ac8434\" data-element_type=\"widget\" data-e-type=\"widget\" data-widget_type=\"text-editor.default\">\n\t\t\t\t<div class=\"elementor-widget-container\">\n\t\t\t\t\t\t\t\t\t<p style=\"font-variant-ligatures: normal; font-variant-caps: normal; font-family: Roboto, sans-serif; font-size: 14px; font-style: normal; font-weight: 400;\"><span style=\"font-size: 14px; font-weight: 600;\">Conditions d&rsquo;utilisation du Hi Tech Digital Store<\/span><\/p>\n<p style=\"font-variant-ligatures: normal; font-variant-caps: normal; font-family: Roboto, sans-serif; font-size: 14px; font-style: normal; font-weight: 400;\">Derni\u00e8re mise \u00e0 jour : 21\/02\/2024<\/p>\n<p style=\"font-variant-ligatures: normal; font-variant-caps: normal; font-family: Roboto, sans-serif; font-size: 14px; font-style: normal; font-weight: 400;\">Merci de visiter Hi Tech Digital Store (<a style=\"font-size: 14px;\" href=\"https:\/\/www.goodvap.com\/\">hitech-ds.com<\/a>). En utilisant ce site, vous acceptez les conditions d&rsquo;utilisation \u00e9nonc\u00e9es ci-dessous. Si vous n&rsquo;acceptez pas ces conditions, veuillez ne pas utiliser le site.<\/p>\n<h3 class=\"wp-block-heading\" style=\"font-variant-ligatures: normal; font-variant-caps: normal; font-family: Roboto, sans-serif; font-style: normal; color: #333333;\">1. Utilisation du site<\/h3>\n<p style=\"font-variant-ligatures: normal; font-variant-caps: normal; font-family: Roboto, sans-serif; font-size: 14px; font-style: normal; font-weight: 400;\">Vous acceptez d&rsquo;utiliser le Site conform\u00e9ment \u00e0 toutes les lois applicables et aux pr\u00e9sentes conditions d&rsquo;utilisation. Vous ne devez pas utiliser le Site \u00e0 des fins ill\u00e9gales ou interdites par ces conditions.<\/p>\n<h3 class=\"wp-block-heading\" style=\"font-variant-ligatures: normal; font-variant-caps: normal; font-family: Roboto, sans-serif; font-style: normal; color: #333333;\">2. Contenu du site<\/h3>\n<p style=\"font-variant-ligatures: normal; font-variant-caps: normal; font-family: Roboto, sans-serif; font-size: 14px; font-style: normal; font-weight: 400;\">Le contenu du Site est fourni \u00e0 titre informatif uniquement. Nous nous r\u00e9servons le droit de modifier, supprimer ou mettre \u00e0 jour le contenu \u00e0 tout moment sans pr\u00e9avis.<\/p>\n<h3 class=\"wp-block-heading\" style=\"font-variant-ligatures: normal; font-variant-caps: normal; font-family: Roboto, sans-serif; font-style: normal; color: #333333;\">3. Propri\u00e9t\u00e9 intellectuelle<\/h3>\n<p style=\"font-variant-ligatures: normal; font-variant-caps: normal; font-family: Roboto, sans-serif; font-size: 14px; font-style: normal; font-weight: 400;\">Tous les droits de propri\u00e9t\u00e9 intellectuelle li\u00e9s au Site, y compris, mais sans s&rsquo;y limiter, les textes, graphiques, logos, images et logiciels, sont la propri\u00e9t\u00e9 de Hi Tech Digital Store ou de ses conc\u00e9dants de licence. Vous acceptez de respecter ces droits et de ne pas reproduire, distribuer, modifier ou cr\u00e9er des \u0153uvres d\u00e9riv\u00e9es bas\u00e9es sur le contenu du Site sans autorisation \u00e9crite.<\/p>\n<h3 class=\"wp-block-heading\" style=\"font-variant-ligatures: normal; font-variant-caps: normal; font-family: Roboto, sans-serif; font-style: normal; color: #333333;\">4. Liens vers des sites tiers<\/h3>\n<p style=\"font-variant-ligatures: normal; font-variant-caps: normal; font-family: Roboto, sans-serif; font-size: 14px; font-style: normal; font-weight: 400;\">Le Site peut contenir des liens vers des sites tiers. Ces liens sont fournis pour votre commodit\u00e9, mais nous n&rsquo;avalisons pas et ne sommes pas responsables du contenu ou des pratiques de confidentialit\u00e9 de ces sites.<\/p>\n<h3 class=\"wp-block-heading\" style=\"font-variant-ligatures: normal; font-variant-caps: normal; font-family: Roboto, sans-serif; font-style: normal; color: #333333;\">5. Responsabilit\u00e9<\/h3>\n<p style=\"font-variant-ligatures: normal; font-variant-caps: normal; font-family: Roboto, sans-serif; font-size: 14px; font-style: normal; font-weight: 400;\">En utilisant le Site, vous acceptez que Hi Tech Digital Store ne soit pas responsable des dommages directs, indirects, accessoires, sp\u00e9ciaux, cons\u00e9cutifs ou punitifs r\u00e9sultant de votre utilisation du Site.<\/p>\n<h3 class=\"wp-block-heading\" style=\"font-variant-ligatures: normal; font-variant-caps: normal; font-family: Roboto, sans-serif; font-style: normal; color: #333333;\">6. Modification des conditions d&rsquo;utilisation<\/h3>\n<p style=\"font-variant-ligatures: normal; font-variant-caps: normal; font-family: Roboto, sans-serif; font-size: 14px; font-style: normal; font-weight: 400;\">Nous nous r\u00e9servons le droit de modifier ces conditions d&rsquo;utilisation \u00e0 tout moment. Les modifications seront effectives d\u00e8s leur publication sur le Site. En continuant \u00e0 utiliser le Site apr\u00e8s la publication de modifications, vous acceptez ces modifications.<\/p>\n<h3 class=\"wp-block-heading\" style=\"font-variant-ligatures: normal; font-variant-caps: normal; font-family: Roboto, sans-serif; font-style: normal; color: #333333;\">7. R\u00e9siliation<\/h3>\n<p style=\"font-variant-ligatures: normal; font-variant-caps: normal; font-family: Roboto, sans-serif; font-size: 14px; font-style: normal; font-weight: 400;\">Nous nous r\u00e9servons le droit de r\u00e9silier ou de suspendre votre acc\u00e8s au Site \u00e0 tout moment, pour quelque raison que ce soit, sans pr\u00e9avis.<\/p>\n<h3 class=\"wp-block-heading\" style=\"font-variant-ligatures: normal; font-variant-caps: normal; font-family: Roboto, sans-serif; font-style: normal; color: #333333;\">8. Lois applicables<\/h3>\n<p style=\"font-variant-ligatures: normal; font-variant-caps: normal; font-family: Roboto, sans-serif; font-size: 14px; font-style: normal; font-weight: 400;\">Les pr\u00e9sentes conditions d&rsquo;utilisation sont r\u00e9gies par les lois fran\u00e7aises en vigueur, sans \u00e9gard aux principes de conflit de lois, applicables dans la juridiction de Gravelines, dans le d\u00e9partement du Nord.<\/p>\n<h3 class=\"wp-block-heading\" style=\"font-variant-ligatures: normal; font-variant-caps: normal; font-family: Roboto, sans-serif; font-style: normal; color: #333333;\">9. Contact<\/h3>\n<p style=\"font-variant-ligatures: normal; font-variant-caps: normal; font-family: Roboto, sans-serif; font-size: 14px; font-style: normal; font-weight: 400;\">Si vous avez des questions concernant ces conditions d&rsquo;utilisation, veuillez nous contacter \u00e0 contact@hitech-ds.com<\/p>\t\t\t\t\t\t\t\t<\/div>\n\t\t\t\t<\/div>\n\t\t\t\t\t<\/div>\n\t\t\t\t<\/div>\n\t\t\t\t<\/div>\n\t\t","protected":false},"excerpt":{"rendered":"<p>Conditions d&rsquo;utilisation du Hi Tech Digital Store Derni\u00e8re mise \u00e0 jour : 21\/02\/2024 Merci de visiter Hi Tech Digital Store (hitech-ds.com). En utilisant ce site, vous acceptez les conditions d&rsquo;utilisation \u00e9nonc\u00e9es ci-dessous. Si vous n&rsquo;acceptez pas ces conditions, veuillez ne pas utiliser le site. 1. Utilisation du site Vous acceptez d&rsquo;utiliser le Site conform\u00e9ment \u00e0 [&hellip;]<\/p>\n","protected":false},"author":1,"featured_media":0,"parent":0,"menu_order":0,"comment_status":"closed","ping_status":"closed","template":"elementor_header_footer","meta":{"ocean_post_layout":"","ocean_both_sidebars_style":"","ocean_both_sidebars_content_width":0,"ocean_both_sidebars_sidebars_width":0,"ocean_sidebar":"","ocean_second_sidebar":"","ocean_disable_margins":"enable","ocean_add_body_class":"","ocean_shortcode_before_top_bar":"","ocean_shortcode_after_top_bar":"","ocean_shortcode_before_header":"","ocean_shortcode_after_header":"","ocean_has_shortcode":"","ocean_shortcode_after_title":"","ocean_shortcode_before_footer_widgets":"","ocean_shortcode_after_footer_widgets":"","ocean_shortcode_before_footer_bottom":"","ocean_shortcode_after_footer_bottom":"","ocean_display_top_bar":"default","ocean_display_header":"default","ocean_header_style":"","ocean_center_header_left_menu":"","ocean_custom_header_template":"","ocean_custom_logo":0,"ocean_custom_retina_logo":0,"ocean_custom_logo_max_width":0,"ocean_custom_logo_tablet_max_width":0,"ocean_custom_logo_mobile_max_width":0,"ocean_custom_logo_max_height":0,"ocean_custom_logo_tablet_max_height":0,"ocean_custom_logo_mobile_max_height":0,"ocean_header_custom_menu":"","ocean_menu_typo_font_family":"","ocean_menu_typo_font_subset":"","ocean_menu_typo_font_size":0,"ocean_menu_typo_font_size_tablet":0,"ocean_menu_typo_font_size_mobile":0,"ocean_menu_typo_font_size_unit":"px","ocean_menu_typo_font_weight":"","ocean_menu_typo_font_weight_tablet":"","ocean_menu_typo_font_weight_mobile":"","ocean_menu_typo_transform":"","ocean_menu_typo_transform_tablet":"","ocean_menu_typo_transform_mobile":"","ocean_menu_typo_line_height":0,"ocean_menu_typo_line_height_tablet":0,"ocean_menu_typo_line_height_mobile":0,"ocean_menu_typo_line_height_unit":"","ocean_menu_typo_spacing":0,"ocean_menu_typo_spacing_tablet":0,"ocean_menu_typo_spacing_mobile":0,"ocean_menu_typo_spacing_unit":"","ocean_menu_link_color":"","ocean_menu_link_color_hover":"","ocean_menu_link_color_active":"","ocean_menu_link_background":"","ocean_menu_link_hover_background":"","ocean_menu_link_active_background":"","ocean_menu_social_links_bg":"","ocean_menu_social_hover_links_bg":"","ocean_menu_social_links_color":"","ocean_menu_social_hover_links_color":"","ocean_disable_title":"default","ocean_disable_heading":"default","ocean_post_title":"","ocean_post_subheading":"","ocean_post_title_style":"","ocean_post_title_background_color":"","ocean_post_title_background":0,"ocean_post_title_bg_image_position":"","ocean_post_title_bg_image_attachment":"","ocean_post_title_bg_image_repeat":"","ocean_post_title_bg_image_size":"","ocean_post_title_height":0,"ocean_post_title_bg_overlay":0.5,"ocean_post_title_bg_overlay_color":"","ocean_disable_breadcrumbs":"default","ocean_breadcrumbs_color":"","ocean_breadcrumbs_separator_color":"","ocean_breadcrumbs_links_color":"","ocean_breadcrumbs_links_hover_color":"","ocean_display_footer_widgets":"default","ocean_display_footer_bottom":"default","ocean_custom_footer_template":"","footnotes":""},"class_list":["post-226","page","type-page","status-publish","hentry","entry"],"yoast_head":"<!-- This site is optimized with the Yoast SEO plugin v27.4 - https:\/\/yoast.com\/product\/yoast-seo-wordpress\/ -->\n<title>Conditions d\u2019utilisation - Hi Tech<\/title>\n<meta name=\"robots\" content=\"noindex, follow\" \/>\n<meta property=\"og:locale\" content=\"fr_FR\" \/>\n<meta property=\"og:type\" content=\"article\" \/>\n<meta property=\"og:title\" content=\"Conditions d\u2019utilisation - Hi Tech\" \/>\n<meta property=\"og:description\" content=\"Conditions d&rsquo;utilisation du Hi Tech Digital Store Derni\u00e8re mise \u00e0 jour : 21\/02\/2024 Merci de visiter Hi Tech Digital Store (hitech-ds.com). En utilisant ce site, vous acceptez les conditions d&rsquo;utilisation \u00e9nonc\u00e9es ci-dessous. Si vous n&rsquo;acceptez pas ces conditions, veuillez ne pas utiliser le site. 1. Utilisation du site Vous acceptez d&rsquo;utiliser le Site conform\u00e9ment \u00e0 [&hellip;]\" \/>\n<meta property=\"og:url\" content=\"https:\/\/www.hitech-ds.com\/index.php\/conditions-dutilisation\/\" \/>\n<meta property=\"og:site_name\" content=\"Hi Tech\" \/>\n<meta property=\"article:publisher\" content=\"https:\/\/www.facebook.com\/HiTechDigitalStore\/\" \/>\n<meta property=\"article:modified_time\" content=\"2026-03-19T13:39:00+00:00\" \/>\n<meta name=\"twitter:card\" content=\"summary_large_image\" \/>\n<meta name=\"twitter:label1\" content=\"Dur\u00e9e de lecture estim\u00e9e\" \/>\n\t<meta name=\"twitter:data1\" content=\"2 minutes\" \/>\n<script type=\"application\/ld+json\" class=\"yoast-schema-graph\">{\"@context\":\"https:\\\/\\\/schema.org\",\"@graph\":[{\"@type\":\"WebPage\",\"@id\":\"https:\\\/\\\/www.hitech-ds.com\\\/index.php\\\/conditions-dutilisation\\\/\",\"url\":\"https:\\\/\\\/www.hitech-ds.com\\\/index.php\\\/conditions-dutilisation\\\/\",\"name\":\"Conditions d\u2019utilisation - Hi Tech\",\"isPartOf\":{\"@id\":\"https:\\\/\\\/www.hitech-ds.com\\\/#website\"},\"datePublished\":\"2024-02-21T16:41:11+00:00\",\"dateModified\":\"2026-03-19T13:39:00+00:00\",\"breadcrumb\":{\"@id\":\"https:\\\/\\\/www.hitech-ds.com\\\/index.php\\\/conditions-dutilisation\\\/#breadcrumb\"},\"inLanguage\":\"fr-FR\",\"potentialAction\":[{\"@type\":\"ReadAction\",\"target\":[\"https:\\\/\\\/www.hitech-ds.com\\\/index.php\\\/conditions-dutilisation\\\/\"]}]},{\"@type\":\"BreadcrumbList\",\"@id\":\"https:\\\/\\\/www.hitech-ds.com\\\/index.php\\\/conditions-dutilisation\\\/#breadcrumb\",\"itemListElement\":[{\"@type\":\"ListItem\",\"position\":1,\"name\":\"Accueil\",\"item\":\"https:\\\/\\\/www.hitech-ds.com\\\/\"},{\"@type\":\"ListItem\",\"position\":2,\"name\":\"Conditions d\u2019utilisation\"}]},{\"@type\":\"WebSite\",\"@id\":\"https:\\\/\\\/www.hitech-ds.com\\\/#website\",\"url\":\"https:\\\/\\\/www.hitech-ds.com\\\/\",\"name\":\"Hi Tech Digital Store\",\"description\":\"Technologie de pointe, choix concret. Bienvenue chez Hi Tech Digital Store, o\u00f9 vos besoins num\u00e9riques prennent vie\",\"potentialAction\":[{\"@type\":\"SearchAction\",\"target\":{\"@type\":\"EntryPoint\",\"urlTemplate\":\"https:\\\/\\\/www.hitech-ds.com\\\/?s={search_term_string}\"},\"query-input\":{\"@type\":\"PropertyValueSpecification\",\"valueRequired\":true,\"valueName\":\"search_term_string\"}}],\"inLanguage\":\"fr-FR\"}]}<\/script>\n<!-- \/ Yoast SEO plugin. -->","yoast_head_json":{"title":"Conditions d\u2019utilisation - Hi Tech","robots":{"index":"noindex","follow":"follow"},"og_locale":"fr_FR","og_type":"article","og_title":"Conditions d\u2019utilisation - Hi Tech","og_description":"Conditions d&rsquo;utilisation du Hi Tech Digital Store Derni\u00e8re mise \u00e0 jour : 21\/02\/2024 Merci de visiter Hi Tech Digital Store (hitech-ds.com). En utilisant ce site, vous acceptez les conditions d&rsquo;utilisation \u00e9nonc\u00e9es ci-dessous. Si vous n&rsquo;acceptez pas ces conditions, veuillez ne pas utiliser le site. 1. Utilisation du site Vous acceptez d&rsquo;utiliser le Site conform\u00e9ment \u00e0 [&hellip;]","og_url":"https:\/\/www.hitech-ds.com\/index.php\/conditions-dutilisation\/","og_site_name":"Hi Tech","article_publisher":"https:\/\/www.facebook.com\/HiTechDigitalStore\/","article_modified_time":"2026-03-19T13:39:00+00:00","twitter_card":"summary_large_image","twitter_misc":{"Dur\u00e9e de lecture estim\u00e9e":"2 minutes"},"schema":{"@context":"https:\/\/schema.org","@graph":[{"@type":"WebPage","@id":"https:\/\/www.hitech-ds.com\/index.php\/conditions-dutilisation\/","url":"https:\/\/www.hitech-ds.com\/index.php\/conditions-dutilisation\/","name":"Conditions d\u2019utilisation - Hi Tech","isPartOf":{"@id":"https:\/\/www.hitech-ds.com\/#website"},"datePublished":"2024-02-21T16:41:11+00:00","dateModified":"2026-03-19T13:39:00+00:00","breadcrumb":{"@id":"https:\/\/www.hitech-ds.com\/index.php\/conditions-dutilisation\/#breadcrumb"},"inLanguage":"fr-FR","potentialAction":[{"@type":"ReadAction","target":["https:\/\/www.hitech-ds.com\/index.php\/conditions-dutilisation\/"]}]},{"@type":"BreadcrumbList","@id":"https:\/\/www.hitech-ds.com\/index.php\/conditions-dutilisation\/#breadcrumb","itemListElement":[{"@type":"ListItem","position":1,"name":"Accueil","item":"https:\/\/www.hitech-ds.com\/"},{"@type":"ListItem","position":2,"name":"Conditions d\u2019utilisation"}]},{"@type":"WebSite","@id":"https:\/\/www.hitech-ds.com\/#website","url":"https:\/\/www.hitech-ds.com\/","name":"Hi Tech Digital Store","description":"Technologie de pointe, choix concret. Bienvenue chez Hi Tech Digital Store, o\u00f9 vos besoins num\u00e9riques prennent vie","potentialAction":[{"@type":"SearchAction","target":{"@type":"EntryPoint","urlTemplate":"https:\/\/www.hitech-ds.com\/?s={search_term_string}"},"query-input":{"@type":"PropertyValueSpecification","valueRequired":true,"valueName":"search_term_string"}}],"inLanguage":"fr-FR"}]}},"_links":{"self":[{"href":"https:\/\/www.hitech-ds.com\/index.php\/wp-json\/wp\/v2\/pages\/226","targetHints":{"allow":["GET"]}}],"collection":[{"href":"https:\/\/www.hitech-ds.com\/index.php\/wp-json\/wp\/v2\/pages"}],"about":[{"href":"https:\/\/www.hitech-ds.com\/index.php\/wp-json\/wp\/v2\/types\/page"}],"author":[{"embeddable":true,"href":"https:\/\/www.hitech-ds.com\/index.php\/wp-json\/wp\/v2\/users\/1"}],"replies":[{"embeddable":true,"href":"https:\/\/www.hitech-ds.com\/index.php\/wp-json\/wp\/v2\/comments?post=226"}],"version-history":[{"count":12,"href":"https:\/\/www.hitech-ds.com\/index.php\/wp-json\/wp\/v2\/pages\/226\/revisions"}],"predecessor-version":[{"id":409,"href":"https:\/\/www.hitech-ds.com\/index.php\/wp-json\/wp\/v2\/pages\/226\/revisions\/409"}],"wp:attachment":[{"href":"https:\/\/www.hitech-ds.com\/index.php\/wp-json\/wp\/v2\/media?parent=226"}],"curies":[{"name":"wp","href":"https:\/\/api.w.org\/{rel}","templated":true}]}}