{"id":235,"date":"2024-02-21T17:51:40","date_gmt":"2024-02-21T16:51:40","guid":{"rendered":"https:\/\/www.hitech-ds.com\/?page_id=235"},"modified":"2026-03-19T14:39:37","modified_gmt":"2026-03-19T13:39:37","slug":"politique-de-confidentialite","status":"publish","type":"page","link":"https:\/\/www.hitech-ds.com\/index.php\/politique-de-confidentialite\/","title":{"rendered":"Politique de confidentialit\u00e9"},"content":{"rendered":"\t\t<div data-elementor-type=\"wp-page\" data-elementor-id=\"235\" class=\"elementor elementor-235\">\n\t\t\t\t<div class=\"elementor-element elementor-element-e6c7492 e-flex e-con-boxed e-con e-parent\" data-id=\"e6c7492\" data-element_type=\"container\" data-e-type=\"container\">\n\t\t\t\t\t<div class=\"e-con-inner\">\n\t\t\t\t<div class=\"elementor-element elementor-element-a094702 elementor-widget elementor-widget-text-editor\" data-id=\"a094702\" data-element_type=\"widget\" data-e-type=\"widget\" data-widget_type=\"text-editor.default\">\n\t\t\t\t<div class=\"elementor-widget-container\">\n\t\t\t\t\t\t\t\t\t<p><strong>Politique de confidentialit\u00e9 pour Hi Tech Digital Store<\/strong><\/p><p><!-- \/wp:paragraph --><!-- wp:paragraph --><\/p><p>Derni\u00e8re mise \u00e0 jour : 21\/02\/2024<\/p><p><!-- \/wp:paragraph --><!-- wp:paragraph --><\/p><p>Merci de visiter Hi Tech Digital Store (<a href=\"https:\/\/www.goodvap.com\/\">hitech-ds.com<\/a>). La protection de votre vie priv\u00e9e est une priorit\u00e9 pour nous. Dans le cadre de notre engagement envers le respect de votre vie priv\u00e9e, nous souhaitons vous informer que nous ne collectons aucune donn\u00e9e personnelle sur notre site. Cette politique de confidentialit\u00e9 a pour but de vous expliquer notre approche concernant les informations en ligne et les choix que vous pouvez faire concernant la collecte et l&rsquo;utilisation de vos informations sur ce site.<\/p><p><!-- \/wp:paragraph --><!-- wp:heading {\"level\":3} --><\/p><h3 class=\"wp-block-heading\">1. Aucune collecte d&rsquo;informations personnelles<\/h3><p><!-- \/wp:heading --><!-- wp:paragraph --><\/p><p>Nous ne collectons aucune information personnelle vous concernant lorsque vous visitez notre site. Vous pouvez naviguer sur notre site sans nous r\u00e9v\u00e9ler d&rsquo;informations personnelles.<\/p><p><!-- \/wp:paragraph --><!-- wp:heading {\"level\":3} --><\/p><h3 class=\"wp-block-heading\">2. Utilisation des informations<\/h3><p><!-- \/wp:heading --><!-- wp:paragraph --><\/p><p>Comme nous ne collectons aucune donn\u00e9e personnelle, il n&rsquo;existe aucune utilisation de telles informations de notre part.<\/p><ul><!-- \/wp:list-item --><\/ul><p><!-- \/wp:list --><!-- wp:heading {\"level\":3} --><\/p><h3 class=\"wp-block-heading\">3. S\u00e9curit\u00e9 des informations<\/h3><p><!-- \/wp:heading --><!-- wp:paragraph --><\/p><p>\u00c9tant donn\u00e9 que nous ne collectons pas d&rsquo;informations personnelles, la question de la s\u00e9curit\u00e9 des donn\u00e9es personnelles ne se pose pas. Nous nous engageons toutefois \u00e0 assurer la s\u00e9curit\u00e9 de notre site.<\/p><p><!-- \/wp:paragraph --><!-- wp:heading {\"level\":3} --><\/p><h3 class=\"wp-block-heading\">4. Non-partage d&rsquo;informations<\/h3><p><!-- \/wp:heading --><!-- wp:paragraph --><\/p><p>Puisque aucune donn\u00e9e personnelle n&rsquo;est collect\u00e9e, il n&rsquo;existe aucun partage d&rsquo;informations personnelles \u00e0 des tiers.<\/p><p><!-- \/wp:paragraph --><!-- wp:heading {\"level\":3} --><\/p><h3 class=\"wp-block-heading\">5. Cookies<\/h3><p><!-- \/wp:heading --><!-- wp:paragraph --><\/p><p>Notre site peut utiliser des cookies pour am\u00e9liorer l&rsquo;exp\u00e9rience utilisateur globale. Ces cookies ne sont pas utilis\u00e9s pour collecter des informations personnelles. Vous pouvez choisir de d\u00e9sactiver les cookies dans les param\u00e8tres de votre navigateur, mais cela peut affecter votre capacit\u00e9 \u00e0 utiliser certaines fonctionnalit\u00e9s du site.<\/p><p><!-- \/wp:paragraph --><!-- wp:heading {\"level\":3} --><\/p><h3 class=\"wp-block-heading\">6. Liens vers des sites tiers<\/h3><p><!-- \/wp:heading --><!-- wp:paragraph --><\/p><p>Notre site peut contenir des liens vers d&rsquo;autres sites. Veuillez noter que nous ne sommes pas responsables des pratiques de confidentialit\u00e9 de ces autres sites. Nous encourageons nos utilisateurs \u00e0 \u00eatre conscients lorsqu&rsquo;ils quittent notre site et \u00e0 lire les d\u00e9clarations de confidentialit\u00e9 de chaque site qui collecte des informations personnelles.<\/p><p><!-- \/wp:paragraph --><!-- wp:heading {\"level\":3} --><\/p><h3 class=\"wp-block-heading\">7. Modifications de la politique de confidentialit\u00e9<\/h3><p><!-- \/wp:heading --><!-- wp:paragraph --><\/p><p>Nous nous r\u00e9servons le droit de modifier cette politique de confidentialit\u00e9 \u00e0 tout moment. Les modifications seront effectives d\u00e8s leur publication sur le site.<\/p><p><!-- \/wp:paragraph --><!-- wp:heading {\"level\":3} --><\/p><h3 class=\"wp-block-heading\">8. Contact<\/h3><p><!-- \/wp:heading --><!-- wp:paragraph --><\/p><p>Si vous avez des questions concernant notre politique de confidentialit\u00e9, veuillez nous contacter \u00e0 contact@hitech-ds.com<!-- \/wp:paragraph --><\/p><p><!-- \/wp:paragraph --><\/p>\t\t\t\t\t\t\t\t<\/div>\n\t\t\t\t<\/div>\n\t\t\t\t\t<\/div>\n\t\t\t\t<\/div>\n\t\t\t\t<\/div>\n\t\t","protected":false},"excerpt":{"rendered":"<p>Politique de confidentialit\u00e9 pour Hi Tech Digital Store Derni\u00e8re mise \u00e0 jour : 21\/02\/2024 Merci de visiter Hi Tech Digital Store (hitech-ds.com). La protection de votre vie priv\u00e9e est une priorit\u00e9 pour nous. Dans le cadre de notre engagement envers le respect de votre vie priv\u00e9e, nous souhaitons vous informer que nous ne collectons aucune [&hellip;]<\/p>\n","protected":false},"author":1,"featured_media":0,"parent":0,"menu_order":0,"comment_status":"closed","ping_status":"closed","template":"elementor_header_footer","meta":{"ocean_post_layout":"","ocean_both_sidebars_style":"","ocean_both_sidebars_content_width":0,"ocean_both_sidebars_sidebars_width":0,"ocean_sidebar":"","ocean_second_sidebar":"","ocean_disable_margins":"enable","ocean_add_body_class":"","ocean_shortcode_before_top_bar":"","ocean_shortcode_after_top_bar":"","ocean_shortcode_before_header":"","ocean_shortcode_after_header":"","ocean_has_shortcode":"","ocean_shortcode_after_title":"","ocean_shortcode_before_footer_widgets":"","ocean_shortcode_after_footer_widgets":"","ocean_shortcode_before_footer_bottom":"","ocean_shortcode_after_footer_bottom":"","ocean_display_top_bar":"default","ocean_display_header":"default","ocean_header_style":"","ocean_center_header_left_menu":"","ocean_custom_header_template":"","ocean_custom_logo":0,"ocean_custom_retina_logo":0,"ocean_custom_logo_max_width":0,"ocean_custom_logo_tablet_max_width":0,"ocean_custom_logo_mobile_max_width":0,"ocean_custom_logo_max_height":0,"ocean_custom_logo_tablet_max_height":0,"ocean_custom_logo_mobile_max_height":0,"ocean_header_custom_menu":"","ocean_menu_typo_font_family":"","ocean_menu_typo_font_subset":"","ocean_menu_typo_font_size":0,"ocean_menu_typo_font_size_tablet":0,"ocean_menu_typo_font_size_mobile":0,"ocean_menu_typo_font_size_unit":"px","ocean_menu_typo_font_weight":"","ocean_menu_typo_font_weight_tablet":"","ocean_menu_typo_font_weight_mobile":"","ocean_menu_typo_transform":"","ocean_menu_typo_transform_tablet":"","ocean_menu_typo_transform_mobile":"","ocean_menu_typo_line_height":0,"ocean_menu_typo_line_height_tablet":0,"ocean_menu_typo_line_height_mobile":0,"ocean_menu_typo_line_height_unit":"","ocean_menu_typo_spacing":0,"ocean_menu_typo_spacing_tablet":0,"ocean_menu_typo_spacing_mobile":0,"ocean_menu_typo_spacing_unit":"","ocean_menu_link_color":"","ocean_menu_link_color_hover":"","ocean_menu_link_color_active":"","ocean_menu_link_background":"","ocean_menu_link_hover_background":"","ocean_menu_link_active_background":"","ocean_menu_social_links_bg":"","ocean_menu_social_hover_links_bg":"","ocean_menu_social_links_color":"","ocean_menu_social_hover_links_color":"","ocean_disable_title":"default","ocean_disable_heading":"default","ocean_post_title":"","ocean_post_subheading":"","ocean_post_title_style":"","ocean_post_title_background_color":"","ocean_post_title_background":0,"ocean_post_title_bg_image_position":"","ocean_post_title_bg_image_attachment":"","ocean_post_title_bg_image_repeat":"","ocean_post_title_bg_image_size":"","ocean_post_title_height":0,"ocean_post_title_bg_overlay":0.5,"ocean_post_title_bg_overlay_color":"","ocean_disable_breadcrumbs":"default","ocean_breadcrumbs_color":"","ocean_breadcrumbs_separator_color":"","ocean_breadcrumbs_links_color":"","ocean_breadcrumbs_links_hover_color":"","ocean_display_footer_widgets":"default","ocean_display_footer_bottom":"default","ocean_custom_footer_template":"","footnotes":""},"class_list":["post-235","page","type-page","status-publish","hentry","entry"],"yoast_head":"<!-- This site is optimized with the Yoast SEO plugin v27.4 - https:\/\/yoast.com\/product\/yoast-seo-wordpress\/ -->\n<title>Politique de confidentialit\u00e9 - Hi Tech<\/title>\n<meta name=\"robots\" content=\"noindex, follow\" \/>\n<meta property=\"og:locale\" content=\"fr_FR\" \/>\n<meta property=\"og:type\" content=\"article\" \/>\n<meta property=\"og:title\" content=\"Politique de confidentialit\u00e9 - Hi Tech\" \/>\n<meta property=\"og:description\" content=\"Politique de confidentialit\u00e9 pour Hi Tech Digital Store Derni\u00e8re mise \u00e0 jour : 21\/02\/2024 Merci de visiter Hi Tech Digital Store (hitech-ds.com). La protection de votre vie priv\u00e9e est une priorit\u00e9 pour nous. Dans le cadre de notre engagement envers le respect de votre vie priv\u00e9e, nous souhaitons vous informer que nous ne collectons aucune [&hellip;]\" \/>\n<meta property=\"og:url\" content=\"https:\/\/www.hitech-ds.com\/index.php\/politique-de-confidentialite\/\" \/>\n<meta property=\"og:site_name\" content=\"Hi Tech\" \/>\n<meta property=\"article:publisher\" content=\"https:\/\/www.facebook.com\/HiTechDigitalStore\/\" \/>\n<meta property=\"article:modified_time\" content=\"2026-03-19T13:39:37+00:00\" \/>\n<meta name=\"twitter:card\" content=\"summary_large_image\" \/>\n<meta name=\"twitter:label1\" content=\"Dur\u00e9e de lecture estim\u00e9e\" \/>\n\t<meta name=\"twitter:data1\" content=\"2 minutes\" \/>\n<script type=\"application\/ld+json\" class=\"yoast-schema-graph\">{\"@context\":\"https:\\\/\\\/schema.org\",\"@graph\":[{\"@type\":\"WebPage\",\"@id\":\"https:\\\/\\\/www.hitech-ds.com\\\/index.php\\\/politique-de-confidentialite\\\/\",\"url\":\"https:\\\/\\\/www.hitech-ds.com\\\/index.php\\\/politique-de-confidentialite\\\/\",\"name\":\"Politique de confidentialit\u00e9 - Hi Tech\",\"isPartOf\":{\"@id\":\"https:\\\/\\\/www.hitech-ds.com\\\/#website\"},\"datePublished\":\"2024-02-21T16:51:40+00:00\",\"dateModified\":\"2026-03-19T13:39:37+00:00\",\"breadcrumb\":{\"@id\":\"https:\\\/\\\/www.hitech-ds.com\\\/index.php\\\/politique-de-confidentialite\\\/#breadcrumb\"},\"inLanguage\":\"fr-FR\",\"potentialAction\":[{\"@type\":\"ReadAction\",\"target\":[\"https:\\\/\\\/www.hitech-ds.com\\\/index.php\\\/politique-de-confidentialite\\\/\"]}]},{\"@type\":\"BreadcrumbList\",\"@id\":\"https:\\\/\\\/www.hitech-ds.com\\\/index.php\\\/politique-de-confidentialite\\\/#breadcrumb\",\"itemListElement\":[{\"@type\":\"ListItem\",\"position\":1,\"name\":\"Accueil\",\"item\":\"https:\\\/\\\/www.hitech-ds.com\\\/\"},{\"@type\":\"ListItem\",\"position\":2,\"name\":\"Politique de confidentialit\u00e9\"}]},{\"@type\":\"WebSite\",\"@id\":\"https:\\\/\\\/www.hitech-ds.com\\\/#website\",\"url\":\"https:\\\/\\\/www.hitech-ds.com\\\/\",\"name\":\"Hi Tech Digital Store\",\"description\":\"Technologie de pointe, choix concret. Bienvenue chez Hi Tech Digital Store, o\u00f9 vos besoins num\u00e9riques prennent vie\",\"potentialAction\":[{\"@type\":\"SearchAction\",\"target\":{\"@type\":\"EntryPoint\",\"urlTemplate\":\"https:\\\/\\\/www.hitech-ds.com\\\/?s={search_term_string}\"},\"query-input\":{\"@type\":\"PropertyValueSpecification\",\"valueRequired\":true,\"valueName\":\"search_term_string\"}}],\"inLanguage\":\"fr-FR\"}]}<\/script>\n<!-- \/ Yoast SEO plugin. -->","yoast_head_json":{"title":"Politique de confidentialit\u00e9 - Hi Tech","robots":{"index":"noindex","follow":"follow"},"og_locale":"fr_FR","og_type":"article","og_title":"Politique de confidentialit\u00e9 - Hi Tech","og_description":"Politique de confidentialit\u00e9 pour Hi Tech Digital Store Derni\u00e8re mise \u00e0 jour : 21\/02\/2024 Merci de visiter Hi Tech Digital Store (hitech-ds.com). La protection de votre vie priv\u00e9e est une priorit\u00e9 pour nous. Dans le cadre de notre engagement envers le respect de votre vie priv\u00e9e, nous souhaitons vous informer que nous ne collectons aucune [&hellip;]","og_url":"https:\/\/www.hitech-ds.com\/index.php\/politique-de-confidentialite\/","og_site_name":"Hi Tech","article_publisher":"https:\/\/www.facebook.com\/HiTechDigitalStore\/","article_modified_time":"2026-03-19T13:39:37+00:00","twitter_card":"summary_large_image","twitter_misc":{"Dur\u00e9e de lecture estim\u00e9e":"2 minutes"},"schema":{"@context":"https:\/\/schema.org","@graph":[{"@type":"WebPage","@id":"https:\/\/www.hitech-ds.com\/index.php\/politique-de-confidentialite\/","url":"https:\/\/www.hitech-ds.com\/index.php\/politique-de-confidentialite\/","name":"Politique de confidentialit\u00e9 - Hi Tech","isPartOf":{"@id":"https:\/\/www.hitech-ds.com\/#website"},"datePublished":"2024-02-21T16:51:40+00:00","dateModified":"2026-03-19T13:39:37+00:00","breadcrumb":{"@id":"https:\/\/www.hitech-ds.com\/index.php\/politique-de-confidentialite\/#breadcrumb"},"inLanguage":"fr-FR","potentialAction":[{"@type":"ReadAction","target":["https:\/\/www.hitech-ds.com\/index.php\/politique-de-confidentialite\/"]}]},{"@type":"BreadcrumbList","@id":"https:\/\/www.hitech-ds.com\/index.php\/politique-de-confidentialite\/#breadcrumb","itemListElement":[{"@type":"ListItem","position":1,"name":"Accueil","item":"https:\/\/www.hitech-ds.com\/"},{"@type":"ListItem","position":2,"name":"Politique de confidentialit\u00e9"}]},{"@type":"WebSite","@id":"https:\/\/www.hitech-ds.com\/#website","url":"https:\/\/www.hitech-ds.com\/","name":"Hi Tech Digital Store","description":"Technologie de pointe, choix concret. Bienvenue chez Hi Tech Digital Store, o\u00f9 vos besoins num\u00e9riques prennent vie","potentialAction":[{"@type":"SearchAction","target":{"@type":"EntryPoint","urlTemplate":"https:\/\/www.hitech-ds.com\/?s={search_term_string}"},"query-input":{"@type":"PropertyValueSpecification","valueRequired":true,"valueName":"search_term_string"}}],"inLanguage":"fr-FR"}]}},"_links":{"self":[{"href":"https:\/\/www.hitech-ds.com\/index.php\/wp-json\/wp\/v2\/pages\/235","targetHints":{"allow":["GET"]}}],"collection":[{"href":"https:\/\/www.hitech-ds.com\/index.php\/wp-json\/wp\/v2\/pages"}],"about":[{"href":"https:\/\/www.hitech-ds.com\/index.php\/wp-json\/wp\/v2\/types\/page"}],"author":[{"embeddable":true,"href":"https:\/\/www.hitech-ds.com\/index.php\/wp-json\/wp\/v2\/users\/1"}],"replies":[{"embeddable":true,"href":"https:\/\/www.hitech-ds.com\/index.php\/wp-json\/wp\/v2\/comments?post=235"}],"version-history":[{"count":18,"href":"https:\/\/www.hitech-ds.com\/index.php\/wp-json\/wp\/v2\/pages\/235\/revisions"}],"predecessor-version":[{"id":412,"href":"https:\/\/www.hitech-ds.com\/index.php\/wp-json\/wp\/v2\/pages\/235\/revisions\/412"}],"wp:attachment":[{"href":"https:\/\/www.hitech-ds.com\/index.php\/wp-json\/wp\/v2\/media?parent=235"}],"curies":[{"name":"wp","href":"https:\/\/api.w.org\/{rel}","templated":true}]}}