{"id":317,"date":"2025-04-11T14:24:53","date_gmt":"2025-04-11T12:24:53","guid":{"rendered":"https:\/\/www.hitech-ds.com\/?page_id=317"},"modified":"2026-03-19T14:41:05","modified_gmt":"2026-03-19T13:41:05","slug":"accueil-bis","status":"publish","type":"page","link":"https:\/\/www.hitech-ds.com\/","title":{"rendered":"Accueil bis"},"content":{"rendered":"\t\t<div data-elementor-type=\"wp-page\" data-elementor-id=\"317\" class=\"elementor elementor-317\">\n\t\t\t\t<div class=\"elementor-element elementor-element-7162337 e-con-full e-flex e-con e-parent\" data-id=\"7162337\" data-element_type=\"container\" data-e-type=\"container\">\n\t\t\t\t<div class=\"elementor-element elementor-element-c30f3ee elementor-widget elementor-widget-image\" data-id=\"c30f3ee\" data-element_type=\"widget\" data-e-type=\"widget\" data-widget_type=\"image.default\">\n\t\t\t\t<div class=\"elementor-widget-container\">\n\t\t\t\t\t\t\t\t\t\t\t\t\t\t\t<img fetchpriority=\"high\" decoding=\"async\" width=\"2048\" height=\"1449\" src=\"https:\/\/www.hitech-ds.com\/wp-content\/uploads\/2025\/04\/000-2048x1449.png\" class=\"attachment-2048x2048 size-2048x2048 wp-image-320\" alt=\"\" srcset=\"https:\/\/www.hitech-ds.com\/wp-content\/uploads\/2025\/04\/000-2048x1449.png 2048w, https:\/\/www.hitech-ds.com\/wp-content\/uploads\/2025\/04\/000-300x212.png 300w, https:\/\/www.hitech-ds.com\/wp-content\/uploads\/2025\/04\/000-1024x724.png 1024w, https:\/\/www.hitech-ds.com\/wp-content\/uploads\/2025\/04\/000-768x543.png 768w, https:\/\/www.hitech-ds.com\/wp-content\/uploads\/2025\/04\/000-1536x1086.png 1536w\" sizes=\"(max-width: 2048px) 100vw, 2048px\" \/>\t\t\t\t\t\t\t\t\t\t\t\t\t\t\t<\/div>\n\t\t\t\t<\/div>\n\t\t\t\t<div class=\"elementor-element elementor-element-27cafad elementor-widget-divider--view-line elementor-widget elementor-widget-divider\" data-id=\"27cafad\" data-element_type=\"widget\" data-e-type=\"widget\" data-widget_type=\"divider.default\">\n\t\t\t\t<div class=\"elementor-widget-container\">\n\t\t\t\t\t\t\t<div class=\"elementor-divider\">\n\t\t\t<span class=\"elementor-divider-separator\">\n\t\t\t\t\t\t<\/span>\n\t\t<\/div>\n\t\t\t\t\t\t<\/div>\n\t\t\t\t<\/div>\n\t\t\t\t<div class=\"elementor-element elementor-element-04352db elementor-widget elementor-widget-image\" data-id=\"04352db\" data-element_type=\"widget\" data-e-type=\"widget\" data-widget_type=\"image.default\">\n\t\t\t\t<div class=\"elementor-widget-container\">\n\t\t\t\t\t\t\t\t\t\t\t\t\t\t\t<img decoding=\"async\" width=\"2048\" height=\"1460\" src=\"https:\/\/www.hitech-ds.com\/wp-content\/uploads\/2025\/04\/depliant-A4-297x210mm-pli-roule-1-1-1.png\" class=\"attachment-2048x2048 size-2048x2048 wp-image-357\" alt=\"\" srcset=\"https:\/\/www.hitech-ds.com\/wp-content\/uploads\/2025\/04\/depliant-A4-297x210mm-pli-roule-1-1-1.png 2386w, https:\/\/www.hitech-ds.com\/wp-content\/uploads\/2025\/04\/depliant-A4-297x210mm-pli-roule-1-1-1-300x214.png 300w, https:\/\/www.hitech-ds.com\/wp-content\/uploads\/2025\/04\/depliant-A4-297x210mm-pli-roule-1-1-1-1024x730.png 1024w, https:\/\/www.hitech-ds.com\/wp-content\/uploads\/2025\/04\/depliant-A4-297x210mm-pli-roule-1-1-1-768x548.png 768w\" sizes=\"(max-width: 2048px) 100vw, 2048px\" \/>\t\t\t\t\t\t\t\t\t\t\t\t\t\t\t<\/div>\n\t\t\t\t<\/div>\n\t\t\t\t<div class=\"elementor-element elementor-element-f382dbd elementor-widget-divider--view-line elementor-widget elementor-widget-divider\" data-id=\"f382dbd\" data-element_type=\"widget\" data-e-type=\"widget\" data-widget_type=\"divider.default\">\n\t\t\t\t<div class=\"elementor-widget-container\">\n\t\t\t\t\t\t\t<div class=\"elementor-divider\">\n\t\t\t<span class=\"elementor-divider-separator\">\n\t\t\t\t\t\t<\/span>\n\t\t<\/div>\n\t\t\t\t\t\t<\/div>\n\t\t\t\t<\/div>\n\t\t\t\t<\/div>\n\t\t<div class=\"elementor-element elementor-element-8b79e8a e-con-full e-flex e-con e-parent\" data-id=\"8b79e8a\" data-element_type=\"container\" data-e-type=\"container\" data-settings=\"{&quot;background_background&quot;:&quot;classic&quot;}\">\n\t\t<div class=\"elementor-element elementor-element-9f54d55 e-con-full e-flex e-con e-child\" data-id=\"9f54d55\" data-element_type=\"container\" data-e-type=\"container\">\n\t\t<div class=\"elementor-element elementor-element-7cdab4e e-con-full e-flex e-con e-child\" data-id=\"7cdab4e\" data-element_type=\"container\" data-e-type=\"container\">\n\t\t\t\t<div class=\"elementor-element elementor-element-2ab0332 animated-slow elementor-widget-divider--view-line elementor-invisible elementor-widget elementor-widget-divider\" data-id=\"2ab0332\" data-element_type=\"widget\" data-e-type=\"widget\" data-settings=\"{&quot;_animation&quot;:&quot;fadeIn&quot;}\" data-widget_type=\"divider.default\">\n\t\t\t\t<div class=\"elementor-widget-container\">\n\t\t\t\t\t\t\t<div class=\"elementor-divider\">\n\t\t\t<span class=\"elementor-divider-separator\">\n\t\t\t\t\t\t<\/span>\n\t\t<\/div>\n\t\t\t\t\t\t<\/div>\n\t\t\t\t<\/div>\n\t\t\t\t<div class=\"elementor-element elementor-element-d6c92e3 elementor-invisible elementor-widget elementor-widget-icon-box\" data-id=\"d6c92e3\" data-element_type=\"widget\" data-e-type=\"widget\" data-settings=\"{&quot;_animation&quot;:&quot;fadeInUp&quot;}\" data-widget_type=\"icon-box.default\">\n\t\t\t\t<div class=\"elementor-widget-container\">\n\t\t\t\t\t\t\t<div class=\"elementor-icon-box-wrapper\">\n\n\t\t\t\n\t\t\t\t\t\t<div class=\"elementor-icon-box-content\">\n\n\t\t\t\t\t\t\t\t\t<h4 class=\"elementor-icon-box-title\">\n\t\t\t\t\t\t<span  >\n\t\t\t\t\t\t\tInnovation\t\t\t\t\t\t<\/span>\n\t\t\t\t\t<\/h4>\n\t\t\t\t\n\t\t\t\t\t\t\t\t\t<p class=\"elementor-icon-box-description\">\n\t\t\t\t\t\tPionniers dans notre domaine, nous sommes constamment \u00e0 la recherche de nouvelles technologies pour offrir des solutions \u00e0 la pointe de l'innovation, garantissant ainsi des services informatiques modernes et performants.\t\t\t\t\t<\/p>\n\t\t\t\t\n\t\t\t<\/div>\n\t\t\t\n\t\t<\/div>\n\t\t\t\t\t\t<\/div>\n\t\t\t\t<\/div>\n\t\t\t\t<\/div>\n\t\t<div class=\"elementor-element elementor-element-1d74508 e-con-full e-flex e-con e-child\" data-id=\"1d74508\" data-element_type=\"container\" data-e-type=\"container\">\n\t\t\t\t<div class=\"elementor-element elementor-element-5c3d246 animated-slow elementor-widget-divider--view-line elementor-invisible elementor-widget elementor-widget-divider\" data-id=\"5c3d246\" data-element_type=\"widget\" data-e-type=\"widget\" data-settings=\"{&quot;_animation&quot;:&quot;fadeIn&quot;}\" data-widget_type=\"divider.default\">\n\t\t\t\t<div class=\"elementor-widget-container\">\n\t\t\t\t\t\t\t<div class=\"elementor-divider\">\n\t\t\t<span class=\"elementor-divider-separator\">\n\t\t\t\t\t\t<\/span>\n\t\t<\/div>\n\t\t\t\t\t\t<\/div>\n\t\t\t\t<\/div>\n\t\t\t\t<div class=\"elementor-element elementor-element-04aa75b elementor-invisible elementor-widget elementor-widget-icon-box\" data-id=\"04aa75b\" data-element_type=\"widget\" data-e-type=\"widget\" data-settings=\"{&quot;_animation&quot;:&quot;fadeInUp&quot;,&quot;_animation_delay&quot;:&quot;200&quot;}\" data-widget_type=\"icon-box.default\">\n\t\t\t\t<div class=\"elementor-widget-container\">\n\t\t\t\t\t\t\t<div class=\"elementor-icon-box-wrapper\">\n\n\t\t\t\n\t\t\t\t\t\t<div class=\"elementor-icon-box-content\">\n\n\t\t\t\t\t\t\t\t\t<h4 class=\"elementor-icon-box-title\">\n\t\t\t\t\t\t<span  >\n\t\t\t\t\t\t\tQualit\u00e9\t\t\t\t\t\t<\/span>\n\t\t\t\t\t<\/h4>\n\t\t\t\t\n\t\t\t\t\t\t\t\t\t<p class=\"elementor-icon-box-description\">\n\t\t\t\t\t\tLa qualit\u00e9 est au c\u0153ur de tout ce que nous faisons. Des produits que nous proposons aux services que nous offrons, notre engagement envers l'excellence assure une satisfaction client optimale.\t\t\t\t\t<\/p>\n\t\t\t\t\n\t\t\t<\/div>\n\t\t\t\n\t\t<\/div>\n\t\t\t\t\t\t<\/div>\n\t\t\t\t<\/div>\n\t\t\t\t<\/div>\n\t\t<div class=\"elementor-element elementor-element-7cde30f e-con-full e-flex e-con e-child\" data-id=\"7cde30f\" data-element_type=\"container\" data-e-type=\"container\">\n\t\t\t\t<div class=\"elementor-element elementor-element-928c74e animated-slow elementor-widget-divider--view-line elementor-invisible elementor-widget elementor-widget-divider\" data-id=\"928c74e\" data-element_type=\"widget\" data-e-type=\"widget\" data-settings=\"{&quot;_animation&quot;:&quot;fadeIn&quot;}\" data-widget_type=\"divider.default\">\n\t\t\t\t<div class=\"elementor-widget-container\">\n\t\t\t\t\t\t\t<div class=\"elementor-divider\">\n\t\t\t<span class=\"elementor-divider-separator\">\n\t\t\t\t\t\t<\/span>\n\t\t<\/div>\n\t\t\t\t\t\t<\/div>\n\t\t\t\t<\/div>\n\t\t\t\t<div class=\"elementor-element elementor-element-98d17a4 elementor-invisible elementor-widget elementor-widget-icon-box\" data-id=\"98d17a4\" data-element_type=\"widget\" data-e-type=\"widget\" data-settings=\"{&quot;_animation&quot;:&quot;fadeInUp&quot;,&quot;_animation_delay&quot;:&quot;400&quot;}\" data-widget_type=\"icon-box.default\">\n\t\t\t\t<div class=\"elementor-widget-container\">\n\t\t\t\t\t\t\t<div class=\"elementor-icon-box-wrapper\">\n\n\t\t\t\n\t\t\t\t\t\t<div class=\"elementor-icon-box-content\">\n\n\t\t\t\t\t\t\t\t\t<h4 class=\"elementor-icon-box-title\">\n\t\t\t\t\t\t<span  >\n\t\t\t\t\t\t\tDisponibilit\u00e9\t\t\t\t\t\t<\/span>\n\t\t\t\t\t<\/h4>\n\t\t\t\t\n\t\t\t\t\t\t\t\t\t<p class=\"elementor-icon-box-description\">\n\t\t\t\t\t\tNous sommes l\u00e0 quand vous avez besoin de nous. Notre engagement envers la disponibilit\u00e9 signifie que vous pouvez compter sur notre \u00e9quipe r\u00e9active pour r\u00e9pondre \u00e0 vos besoins, que ce soit pour une urgence informatique ou une simple question.\t\t\t\t\t<\/p>\n\t\t\t\t\n\t\t\t<\/div>\n\t\t\t\n\t\t<\/div>\n\t\t\t\t\t\t<\/div>\n\t\t\t\t<\/div>\n\t\t\t\t<\/div>\n\t\t<div class=\"elementor-element elementor-element-57194f5 e-con-full e-flex e-con e-child\" data-id=\"57194f5\" data-element_type=\"container\" data-e-type=\"container\">\n\t\t\t\t<div class=\"elementor-element elementor-element-62857f7 animated-slow elementor-widget-divider--view-line elementor-invisible elementor-widget elementor-widget-divider\" data-id=\"62857f7\" data-element_type=\"widget\" data-e-type=\"widget\" data-settings=\"{&quot;_animation&quot;:&quot;fadeIn&quot;}\" data-widget_type=\"divider.default\">\n\t\t\t\t<div class=\"elementor-widget-container\">\n\t\t\t\t\t\t\t<div class=\"elementor-divider\">\n\t\t\t<span class=\"elementor-divider-separator\">\n\t\t\t\t\t\t<\/span>\n\t\t<\/div>\n\t\t\t\t\t\t<\/div>\n\t\t\t\t<\/div>\n\t\t\t\t<div class=\"elementor-element elementor-element-5eaa8a0 elementor-invisible elementor-widget elementor-widget-icon-box\" data-id=\"5eaa8a0\" data-element_type=\"widget\" data-e-type=\"widget\" data-settings=\"{&quot;_animation&quot;:&quot;fadeInUp&quot;,&quot;_animation_delay&quot;:&quot;600&quot;}\" data-widget_type=\"icon-box.default\">\n\t\t\t\t<div class=\"elementor-widget-container\">\n\t\t\t\t\t\t\t<div class=\"elementor-icon-box-wrapper\">\n\n\t\t\t\n\t\t\t\t\t\t<div class=\"elementor-icon-box-content\">\n\n\t\t\t\t\t\t\t\t\t<h4 class=\"elementor-icon-box-title\">\n\t\t\t\t\t\t<span  >\n\t\t\t\t\t\t\t<span style=\"font-family: Montserrat, sans-serif;font-size: 30px;font-style: normal;font-weight: 700;letter-spacing: 0.13px\">R\u00e9sultats<\/span>\t\t\t\t\t\t<\/span>\n\t\t\t\t\t<\/h4>\n\t\t\t\t\n\t\t\t\t\t\t\t\t\t<p class=\"elementor-icon-box-description\">\n\t\t\t\t\t\tChez nous, la satisfaction du client est notre plus grande r\u00e9ussite. Chaque service, chaque solution, est pens\u00e9 pour vous offrir des r\u00e9sultats qui d\u00e9passent vos attentes, faisant de votre exp\u00e9rience avec nous une priorit\u00e9 absolue.\t\t\t\t\t<\/p>\n\t\t\t\t\n\t\t\t<\/div>\n\t\t\t\n\t\t<\/div>\n\t\t\t\t\t\t<\/div>\n\t\t\t\t<\/div>\n\t\t\t\t<\/div>\n\t\t\t\t<\/div>\n\t\t\t\t<\/div>\n\t\t<div class=\"elementor-element elementor-element-7daa280 e-con-full e-flex e-con e-parent\" data-id=\"7daa280\" data-element_type=\"container\" data-e-type=\"container\" data-settings=\"{&quot;background_background&quot;:&quot;gradient&quot;}\">\n\t\t<div class=\"elementor-element elementor-element-66b7925 e-con-full e-flex e-con e-child\" data-id=\"66b7925\" data-element_type=\"container\" data-e-type=\"container\" data-settings=\"{&quot;background_background&quot;:&quot;classic&quot;}\">\n\t\t\t\t<div class=\"elementor-element elementor-element-ce9ace8 elementor-widget elementor-widget-google_maps\" data-id=\"ce9ace8\" data-element_type=\"widget\" data-e-type=\"widget\" data-widget_type=\"google_maps.default\">\n\t\t\t\t<div class=\"elementor-widget-container\">\n\t\t\t\t\t\t\t<div class=\"elementor-custom-embed\">\n\t\t\t<iframe loading=\"lazy\"\n\t\t\t\t\tsrc=\"https:\/\/maps.google.com\/maps?q=8%20Rue%20de%20la%20R%C3%A9publique%2C%2059820%20Gravelines&#038;t=m&#038;z=17&#038;output=embed&#038;iwloc=near\"\n\t\t\t\t\ttitle=\"8 Rue de la R\u00e9publique, 59820 Gravelines\"\n\t\t\t\t\taria-label=\"8 Rue de la R\u00e9publique, 59820 Gravelines\"\n\t\t\t><\/iframe>\n\t\t<\/div>\n\t\t\t\t\t\t<\/div>\n\t\t\t\t<\/div>\n\t\t\t\t<\/div>\n\t\t<div class=\"elementor-element elementor-element-1b2c54f e-con-full e-flex e-con e-child\" data-id=\"1b2c54f\" data-element_type=\"container\" data-e-type=\"container\">\n\t\t\t\t<div class=\"elementor-element elementor-element-8f5820e elementor-widget elementor-widget-spacer\" data-id=\"8f5820e\" data-element_type=\"widget\" data-e-type=\"widget\" data-widget_type=\"spacer.default\">\n\t\t\t\t<div class=\"elementor-widget-container\">\n\t\t\t\t\t\t\t<div class=\"elementor-spacer\">\n\t\t\t<div class=\"elementor-spacer-inner\"><\/div>\n\t\t<\/div>\n\t\t\t\t\t\t<\/div>\n\t\t\t\t<\/div>\n\t\t\t\t<div class=\"elementor-element elementor-element-dc4184c elementor-widget elementor-widget-heading\" data-id=\"dc4184c\" data-element_type=\"widget\" data-e-type=\"widget\" data-widget_type=\"heading.default\">\n\t\t\t\t<div class=\"elementor-widget-container\">\n\t\t\t\t\t<h2 class=\"elementor-heading-title elementor-size-default\">Venez \u00e0 notre rencontre !<\/h2>\t\t\t\t<\/div>\n\t\t\t\t<\/div>\n\t\t\t\t<div class=\"elementor-element elementor-element-e1539b0 elementor-widget elementor-widget-icon-box\" data-id=\"e1539b0\" data-element_type=\"widget\" data-e-type=\"widget\" data-widget_type=\"icon-box.default\">\n\t\t\t\t<div class=\"elementor-widget-container\">\n\t\t\t\t\t\t\t<div class=\"elementor-icon-box-wrapper\">\n\n\t\t\t\n\t\t\t\t\t\t<div class=\"elementor-icon-box-content\">\n\n\t\t\t\t\t\t\t\t\t<h4 class=\"elementor-icon-box-title\">\n\t\t\t\t\t\t<span  >\n\t\t\t\t\t\t\tAdresse :\t\t\t\t\t\t<\/span>\n\t\t\t\t\t<\/h4>\n\t\t\t\t\n\t\t\t\t\t\t\t\t\t<p class=\"elementor-icon-box-description\">\n\t\t\t\t\t\t8 Rue de la R\u00e9publique, 59820 Gravelines\t\t\t\t\t<\/p>\n\t\t\t\t\n\t\t\t<\/div>\n\t\t\t\n\t\t<\/div>\n\t\t\t\t\t\t<\/div>\n\t\t\t\t<\/div>\n\t\t\t\t<div class=\"elementor-element elementor-element-6378e23 elementor-widget elementor-widget-icon-box\" data-id=\"6378e23\" data-element_type=\"widget\" data-e-type=\"widget\" data-widget_type=\"icon-box.default\">\n\t\t\t\t<div class=\"elementor-widget-container\">\n\t\t\t\t\t\t\t<div class=\"elementor-icon-box-wrapper\">\n\n\t\t\t\n\t\t\t\t\t\t<div class=\"elementor-icon-box-content\">\n\n\t\t\t\t\t\t\t\t\t<h4 class=\"elementor-icon-box-title\">\n\t\t\t\t\t\t<span  >\n\t\t\t\t\t\t\tHoraires :\t\t\t\t\t\t<\/span>\n\t\t\t\t\t<\/h4>\n\t\t\t\t\n\t\t\t\t\t\t\t\t\t<p class=\"elementor-icon-box-description\">\n\t\t\t\t\t\tLundi : 14:00\u201319:00\n\/\nMardi au samedi : 09:30\u201312:00, 13:30\u201319:00\t\t\t\t\t<\/p>\n\t\t\t\t\n\t\t\t<\/div>\n\t\t\t\n\t\t<\/div>\n\t\t\t\t\t\t<\/div>\n\t\t\t\t<\/div>\n\t\t\t\t<\/div>\n\t\t\t\t<\/div>\n\t\t<div class=\"elementor-element elementor-element-da0abd2 e-con-full e-flex e-con e-parent\" data-id=\"da0abd2\" data-element_type=\"container\" data-e-type=\"container\">\n\t\t\t\t<\/div>\n\t\t\t\t<\/div>\n\t\t","protected":false},"excerpt":{"rendered":"<p>Innovation Pionniers dans notre domaine, nous sommes constamment \u00e0 la recherche de nouvelles technologies pour offrir des solutions \u00e0 la pointe de l&rsquo;innovation, garantissant ainsi des services informatiques modernes et performants. Qualit\u00e9 La qualit\u00e9 est au c\u0153ur de tout ce que nous faisons. Des produits que nous proposons aux services que nous offrons, notre engagement [&hellip;]<\/p>\n","protected":false},"author":1,"featured_media":0,"parent":0,"menu_order":0,"comment_status":"closed","ping_status":"closed","template":"elementor_header_footer","meta":{"ocean_post_layout":"","ocean_both_sidebars_style":"","ocean_both_sidebars_content_width":0,"ocean_both_sidebars_sidebars_width":0,"ocean_sidebar":"","ocean_second_sidebar":"","ocean_disable_margins":"enable","ocean_add_body_class":"","ocean_shortcode_before_top_bar":"","ocean_shortcode_after_top_bar":"","ocean_shortcode_before_header":"","ocean_shortcode_after_header":"","ocean_has_shortcode":"","ocean_shortcode_after_title":"","ocean_shortcode_before_footer_widgets":"","ocean_shortcode_after_footer_widgets":"","ocean_shortcode_before_footer_bottom":"","ocean_shortcode_after_footer_bottom":"","ocean_display_top_bar":"default","ocean_display_header":"default","ocean_header_style":"","ocean_center_header_left_menu":"","ocean_custom_header_template":"","ocean_custom_logo":0,"ocean_custom_retina_logo":0,"ocean_custom_logo_max_width":0,"ocean_custom_logo_tablet_max_width":0,"ocean_custom_logo_mobile_max_width":0,"ocean_custom_logo_max_height":0,"ocean_custom_logo_tablet_max_height":0,"ocean_custom_logo_mobile_max_height":0,"ocean_header_custom_menu":"","ocean_menu_typo_font_family":"","ocean_menu_typo_font_subset":"","ocean_menu_typo_font_size":0,"ocean_menu_typo_font_size_tablet":0,"ocean_menu_typo_font_size_mobile":0,"ocean_menu_typo_font_size_unit":"px","ocean_menu_typo_font_weight":"","ocean_menu_typo_font_weight_tablet":"","ocean_menu_typo_font_weight_mobile":"","ocean_menu_typo_transform":"","ocean_menu_typo_transform_tablet":"","ocean_menu_typo_transform_mobile":"","ocean_menu_typo_line_height":0,"ocean_menu_typo_line_height_tablet":0,"ocean_menu_typo_line_height_mobile":0,"ocean_menu_typo_line_height_unit":"","ocean_menu_typo_spacing":0,"ocean_menu_typo_spacing_tablet":0,"ocean_menu_typo_spacing_mobile":0,"ocean_menu_typo_spacing_unit":"","ocean_menu_link_color":"","ocean_menu_link_color_hover":"","ocean_menu_link_color_active":"","ocean_menu_link_background":"","ocean_menu_link_hover_background":"","ocean_menu_link_active_background":"","ocean_menu_social_links_bg":"","ocean_menu_social_hover_links_bg":"","ocean_menu_social_links_color":"","ocean_menu_social_hover_links_color":"","ocean_disable_title":"default","ocean_disable_heading":"default","ocean_post_title":"","ocean_post_subheading":"","ocean_post_title_style":"","ocean_post_title_background_color":"","ocean_post_title_background":0,"ocean_post_title_bg_image_position":"","ocean_post_title_bg_image_attachment":"","ocean_post_title_bg_image_repeat":"","ocean_post_title_bg_image_size":"","ocean_post_title_height":0,"ocean_post_title_bg_overlay":0.5,"ocean_post_title_bg_overlay_color":"","ocean_disable_breadcrumbs":"default","ocean_breadcrumbs_color":"","ocean_breadcrumbs_separator_color":"","ocean_breadcrumbs_links_color":"","ocean_breadcrumbs_links_hover_color":"","ocean_display_footer_widgets":"default","ocean_display_footer_bottom":"default","ocean_custom_footer_template":"","footnotes":""},"class_list":["post-317","page","type-page","status-publish","hentry","entry"],"yoast_head":"<!-- This site is optimized with the Yoast SEO plugin v27.4 - https:\/\/yoast.com\/product\/yoast-seo-wordpress\/ -->\n<title>Hi Tech Digital Store Gravelines - L&#039;essentiel du num\u00e9rique<\/title>\n<meta name=\"description\" content=\"Hi Tech Digital Store \u00e0 Gravelines : Maintenance et vente informatique, t\u00e9l\u00e9phonie, s\u00e9curit\u00e9, image\/son, et r\u00e9seau.\" \/>\n<meta name=\"robots\" content=\"index, follow, max-snippet:-1, max-image-preview:large, max-video-preview:-1\" \/>\n<link rel=\"canonical\" href=\"https:\/\/www.hitech-ds.com\/\" \/>\n<meta property=\"og:locale\" content=\"fr_FR\" \/>\n<meta property=\"og:type\" content=\"article\" \/>\n<meta property=\"og:title\" content=\"Hi Tech Digital Store Gravelines - L&#039;essentiel du num\u00e9rique\" \/>\n<meta property=\"og:description\" content=\"Hi Tech Digital Store \u00e0 Gravelines : Maintenance et vente informatique, t\u00e9l\u00e9phonie, s\u00e9curit\u00e9, image\/son, et r\u00e9seau.\" \/>\n<meta property=\"og:url\" content=\"https:\/\/www.hitech-ds.com\/\" \/>\n<meta property=\"og:site_name\" content=\"Hi Tech\" \/>\n<meta property=\"article:publisher\" content=\"https:\/\/www.facebook.com\/HiTechDigitalStore\/\" \/>\n<meta property=\"article:modified_time\" content=\"2026-03-19T13:41:05+00:00\" \/>\n<meta property=\"og:image\" content=\"http:\/\/www.hitech-ds.com\/wp-content\/uploads\/2025\/04\/000-2048x1449.png\" \/>\n<meta name=\"twitter:card\" content=\"summary_large_image\" \/>\n<meta name=\"twitter:label1\" content=\"Dur\u00e9e de lecture estim\u00e9e\" \/>\n\t<meta name=\"twitter:data1\" content=\"1 minute\" \/>\n<script type=\"application\/ld+json\" class=\"yoast-schema-graph\">{\"@context\":\"https:\\\/\\\/schema.org\",\"@graph\":[{\"@type\":\"WebPage\",\"@id\":\"https:\\\/\\\/www.hitech-ds.com\\\/\",\"url\":\"https:\\\/\\\/www.hitech-ds.com\\\/\",\"name\":\"Hi Tech Digital Store Gravelines - L'essentiel du num\u00e9rique\",\"isPartOf\":{\"@id\":\"https:\\\/\\\/www.hitech-ds.com\\\/#website\"},\"primaryImageOfPage\":{\"@id\":\"https:\\\/\\\/www.hitech-ds.com\\\/#primaryimage\"},\"image\":{\"@id\":\"https:\\\/\\\/www.hitech-ds.com\\\/#primaryimage\"},\"thumbnailUrl\":\"http:\\\/\\\/www.hitech-ds.com\\\/wp-content\\\/uploads\\\/2025\\\/04\\\/000-2048x1449.png\",\"datePublished\":\"2025-04-11T12:24:53+00:00\",\"dateModified\":\"2026-03-19T13:41:05+00:00\",\"description\":\"Hi Tech Digital Store \u00e0 Gravelines : Maintenance et vente informatique, t\u00e9l\u00e9phonie, s\u00e9curit\u00e9, image\\\/son, et r\u00e9seau.\",\"breadcrumb\":{\"@id\":\"https:\\\/\\\/www.hitech-ds.com\\\/#breadcrumb\"},\"inLanguage\":\"fr-FR\",\"potentialAction\":[{\"@type\":\"ReadAction\",\"target\":[\"https:\\\/\\\/www.hitech-ds.com\\\/\"]}]},{\"@type\":\"ImageObject\",\"inLanguage\":\"fr-FR\",\"@id\":\"https:\\\/\\\/www.hitech-ds.com\\\/#primaryimage\",\"url\":\"https:\\\/\\\/www.hitech-ds.com\\\/wp-content\\\/uploads\\\/2025\\\/04\\\/000.png\",\"contentUrl\":\"https:\\\/\\\/www.hitech-ds.com\\\/wp-content\\\/uploads\\\/2025\\\/04\\\/000.png\",\"width\":3393,\"height\":2400},{\"@type\":\"BreadcrumbList\",\"@id\":\"https:\\\/\\\/www.hitech-ds.com\\\/#breadcrumb\",\"itemListElement\":[{\"@type\":\"ListItem\",\"position\":1,\"name\":\"Accueil\",\"item\":\"https:\\\/\\\/www.hitech-ds.com\\\/\"},{\"@type\":\"ListItem\",\"position\":2,\"name\":\"Accueil bis\"}]},{\"@type\":\"WebSite\",\"@id\":\"https:\\\/\\\/www.hitech-ds.com\\\/#website\",\"url\":\"https:\\\/\\\/www.hitech-ds.com\\\/\",\"name\":\"Hi Tech Digital Store\",\"description\":\"Technologie de pointe, choix concret. Bienvenue chez Hi Tech Digital Store, o\u00f9 vos besoins num\u00e9riques prennent vie\",\"potentialAction\":[{\"@type\":\"SearchAction\",\"target\":{\"@type\":\"EntryPoint\",\"urlTemplate\":\"https:\\\/\\\/www.hitech-ds.com\\\/?s={search_term_string}\"},\"query-input\":{\"@type\":\"PropertyValueSpecification\",\"valueRequired\":true,\"valueName\":\"search_term_string\"}}],\"inLanguage\":\"fr-FR\"}]}<\/script>\n<!-- \/ Yoast SEO plugin. -->","yoast_head_json":{"title":"Hi Tech Digital Store Gravelines - L'essentiel du num\u00e9rique","description":"Hi Tech Digital Store \u00e0 Gravelines : Maintenance et vente informatique, t\u00e9l\u00e9phonie, s\u00e9curit\u00e9, image\/son, et r\u00e9seau.","robots":{"index":"index","follow":"follow","max-snippet":"max-snippet:-1","max-image-preview":"max-image-preview:large","max-video-preview":"max-video-preview:-1"},"canonical":"https:\/\/www.hitech-ds.com\/","og_locale":"fr_FR","og_type":"article","og_title":"Hi Tech Digital Store Gravelines - L'essentiel du num\u00e9rique","og_description":"Hi Tech Digital Store \u00e0 Gravelines : Maintenance et vente informatique, t\u00e9l\u00e9phonie, s\u00e9curit\u00e9, image\/son, et r\u00e9seau.","og_url":"https:\/\/www.hitech-ds.com\/","og_site_name":"Hi Tech","article_publisher":"https:\/\/www.facebook.com\/HiTechDigitalStore\/","article_modified_time":"2026-03-19T13:41:05+00:00","og_image":[{"url":"http:\/\/www.hitech-ds.com\/wp-content\/uploads\/2025\/04\/000-2048x1449.png","type":"","width":"","height":""}],"twitter_card":"summary_large_image","twitter_misc":{"Dur\u00e9e de lecture estim\u00e9e":"1 minute"},"schema":{"@context":"https:\/\/schema.org","@graph":[{"@type":"WebPage","@id":"https:\/\/www.hitech-ds.com\/","url":"https:\/\/www.hitech-ds.com\/","name":"Hi Tech Digital Store Gravelines - L'essentiel du num\u00e9rique","isPartOf":{"@id":"https:\/\/www.hitech-ds.com\/#website"},"primaryImageOfPage":{"@id":"https:\/\/www.hitech-ds.com\/#primaryimage"},"image":{"@id":"https:\/\/www.hitech-ds.com\/#primaryimage"},"thumbnailUrl":"http:\/\/www.hitech-ds.com\/wp-content\/uploads\/2025\/04\/000-2048x1449.png","datePublished":"2025-04-11T12:24:53+00:00","dateModified":"2026-03-19T13:41:05+00:00","description":"Hi Tech Digital Store \u00e0 Gravelines : Maintenance et vente informatique, t\u00e9l\u00e9phonie, s\u00e9curit\u00e9, image\/son, et r\u00e9seau.","breadcrumb":{"@id":"https:\/\/www.hitech-ds.com\/#breadcrumb"},"inLanguage":"fr-FR","potentialAction":[{"@type":"ReadAction","target":["https:\/\/www.hitech-ds.com\/"]}]},{"@type":"ImageObject","inLanguage":"fr-FR","@id":"https:\/\/www.hitech-ds.com\/#primaryimage","url":"https:\/\/www.hitech-ds.com\/wp-content\/uploads\/2025\/04\/000.png","contentUrl":"https:\/\/www.hitech-ds.com\/wp-content\/uploads\/2025\/04\/000.png","width":3393,"height":2400},{"@type":"BreadcrumbList","@id":"https:\/\/www.hitech-ds.com\/#breadcrumb","itemListElement":[{"@type":"ListItem","position":1,"name":"Accueil","item":"https:\/\/www.hitech-ds.com\/"},{"@type":"ListItem","position":2,"name":"Accueil bis"}]},{"@type":"WebSite","@id":"https:\/\/www.hitech-ds.com\/#website","url":"https:\/\/www.hitech-ds.com\/","name":"Hi Tech Digital Store","description":"Technologie de pointe, choix concret. Bienvenue chez Hi Tech Digital Store, o\u00f9 vos besoins num\u00e9riques prennent vie","potentialAction":[{"@type":"SearchAction","target":{"@type":"EntryPoint","urlTemplate":"https:\/\/www.hitech-ds.com\/?s={search_term_string}"},"query-input":{"@type":"PropertyValueSpecification","valueRequired":true,"valueName":"search_term_string"}}],"inLanguage":"fr-FR"}]}},"_links":{"self":[{"href":"https:\/\/www.hitech-ds.com\/index.php\/wp-json\/wp\/v2\/pages\/317","targetHints":{"allow":["GET"]}}],"collection":[{"href":"https:\/\/www.hitech-ds.com\/index.php\/wp-json\/wp\/v2\/pages"}],"about":[{"href":"https:\/\/www.hitech-ds.com\/index.php\/wp-json\/wp\/v2\/types\/page"}],"author":[{"embeddable":true,"href":"https:\/\/www.hitech-ds.com\/index.php\/wp-json\/wp\/v2\/users\/1"}],"replies":[{"embeddable":true,"href":"https:\/\/www.hitech-ds.com\/index.php\/wp-json\/wp\/v2\/comments?post=317"}],"version-history":[{"count":47,"href":"https:\/\/www.hitech-ds.com\/index.php\/wp-json\/wp\/v2\/pages\/317\/revisions"}],"predecessor-version":[{"id":416,"href":"https:\/\/www.hitech-ds.com\/index.php\/wp-json\/wp\/v2\/pages\/317\/revisions\/416"}],"wp:attachment":[{"href":"https:\/\/www.hitech-ds.com\/index.php\/wp-json\/wp\/v2\/media?parent=317"}],"curies":[{"name":"wp","href":"https:\/\/api.w.org\/{rel}","templated":true}]}}